{"id":2700,"date":"2024-01-28T12:14:30","date_gmt":"2024-01-28T11:14:30","guid":{"rendered":"https:\/\/h-machining.be\/shop\/produit\/securite-de-filtre-a-air-30\/"},"modified":"2024-01-28T12:14:30","modified_gmt":"2024-01-28T11:14:30","slug":"securite-de-filtre-a-air-30","status":"publish","type":"product","link":"https:\/\/h-machining.be\/shop\/produit\/securite-de-filtre-a-air-30\/","title":{"rendered":"S\u00e9curit\u00e9 de filtre \u00e0 air"},"content":{"rendered":"","protected":false},"excerpt":{"rendered":"","protected":false},"featured_media":0,"template":"","meta":[],"product_brand":[],"product_cat":[39],"product_tag":[],"class_list":{"0":"post-2700","1":"product","2":"type-product","3":"status-publish","5":"product_cat-filtres-donaldson","7":"first","8":"instock","9":"taxable","10":"shipping-taxable","11":"purchasable","12":"product-type-simple"},"_links":{"self":[{"href":"https:\/\/h-machining.be\/shop\/wp-json\/wp\/v2\/product\/2700","targetHints":{"allow":["GET"]}}],"collection":[{"href":"https:\/\/h-machining.be\/shop\/wp-json\/wp\/v2\/product"}],"about":[{"href":"https:\/\/h-machining.be\/shop\/wp-json\/wp\/v2\/types\/product"}],"wp:attachment":[{"href":"https:\/\/h-machining.be\/shop\/wp-json\/wp\/v2\/media?parent=2700"}],"wp:term":[{"taxonomy":"product_brand","embeddable":true,"href":"https:\/\/h-machining.be\/shop\/wp-json\/wp\/v2\/product_brand?post=2700"},{"taxonomy":"product_cat","embeddable":true,"href":"https:\/\/h-machining.be\/shop\/wp-json\/wp\/v2\/product_cat?post=2700"},{"taxonomy":"product_tag","embeddable":true,"href":"https:\/\/h-machining.be\/shop\/wp-json\/wp\/v2\/product_tag?post=2700"}],"curies":[{"name":"wp","href":"https:\/\/api.w.org\/{rel}","templated":true}]}}