{"id":110,"date":"2024-01-24T20:25:38","date_gmt":"2024-01-24T19:25:38","guid":{"rendered":"https:\/\/h-machining.be\/shop\/?page_id=110"},"modified":"2024-01-28T21:11:10","modified_gmt":"2024-01-28T20:11:10","slug":"daf-575-parts","status":"publish","type":"page","link":"https:\/\/h-machining.be\/shop\/daf-575-parts\/","title":{"rendered":"DAF 575 PARTS"},"content":{"rendered":"\n<figure class=\"wp-block-table\"><table><tbody><tr><td>Accessoires<\/td><td>Alternateur<\/td><td>Courroies<\/td><td>Capteurs<\/td><\/tr><tr><td>D\u00e9marreur<\/td><td>Injection<\/td><td>Pi\u00e8ces moteur<\/td><td>Pompes \u00e0 eau<\/td><\/tr><tr><td>Pompe \u00e0 carburant<\/td><td>Filtration<\/td><td><\/td><td><\/td><\/tr><\/tbody><\/table><\/figure>\n","protected":false},"excerpt":{"rendered":"<p>Accessoires Alternateur Courroies Capteurs D\u00e9marreur Injection Pi\u00e8ces moteur Pompes \u00e0 eau Pompe \u00e0 carburant Filtration<\/p>\n","protected":false},"author":2,"featured_media":0,"parent":0,"menu_order":0,"comment_status":"closed","ping_status":"closed","template":"","meta":{"footnotes":""},"class_list":["post-110","page","type-page","status-publish","hentry"],"_links":{"self":[{"href":"https:\/\/h-machining.be\/shop\/wp-json\/wp\/v2\/pages\/110","targetHints":{"allow":["GET"]}}],"collection":[{"href":"https:\/\/h-machining.be\/shop\/wp-json\/wp\/v2\/pages"}],"about":[{"href":"https:\/\/h-machining.be\/shop\/wp-json\/wp\/v2\/types\/page"}],"author":[{"embeddable":true,"href":"https:\/\/h-machining.be\/shop\/wp-json\/wp\/v2\/users\/2"}],"replies":[{"embeddable":true,"href":"https:\/\/h-machining.be\/shop\/wp-json\/wp\/v2\/comments?post=110"}],"version-history":[{"count":4,"href":"https:\/\/h-machining.be\/shop\/wp-json\/wp\/v2\/pages\/110\/revisions"}],"predecessor-version":[{"id":3023,"href":"https:\/\/h-machining.be\/shop\/wp-json\/wp\/v2\/pages\/110\/revisions\/3023"}],"wp:attachment":[{"href":"https:\/\/h-machining.be\/shop\/wp-json\/wp\/v2\/media?parent=110"}],"curies":[{"name":"wp","href":"https:\/\/api.w.org\/{rel}","templated":true}]}}